{"id":2,"date":"2020-08-21T10:03:54","date_gmt":"2020-08-21T10:03:54","guid":{"rendered":"https:\/\/www.connyklar.de\/?page_id=2"},"modified":"2020-10-01T19:02:21","modified_gmt":"2020-10-01T19:02:21","slug":"sample-page","status":"publish","type":"page","link":"https:\/\/www.connyklar.de\/","title":{"rendered":"C.KLAR"},"content":{"rendered":"\n<div style=\"height:100px\" aria-hidden=\"true\" class=\"wp-block-spacer\"><\/div>\n\n\n\n<div class=\"wp-block-columns is-layout-flex wp-container-core-columns-layout-1 wp-block-columns-is-layout-flex\">\n<div class=\"wp-block-column is-layout-flow wp-block-column-is-layout-flow\">\n<h1 class=\"wp-block-heading\">kurz<\/h1>\n\n\n\n<p>seit 2000 Videografin<\/p>\n\n\n\n<p>2011 Diplom MM\/VR-Design HfKuD Burg Giebichenstein Halle<\/p>\n<\/div>\n\n\n\n<div class=\"wp-block-column is-layout-flow wp-block-column-is-layout-flow\"><\/div>\n<\/div>\n\n\n\n<div style=\"height:100px\" aria-hidden=\"true\" class=\"wp-block-spacer\"><\/div>\n\n\n\n<div class=\"wp-block-columns is-layout-flex wp-container-core-columns-layout-2 wp-block-columns-is-layout-flex\">\n<div class=\"wp-block-column is-layout-flow wp-block-column-is-layout-flow\">\n<h1 class=\"wp-block-heading\">lang<\/h1>\n\n\n\n<p>&#8222;W\u00e4hrend ihres Studiums an der Kunsthochschule zeigt sie in Techno-Clubs Licht- und Bewegtbildinstallationen und wird hier vom international renommierten und mit vielen Preisen ausgezeichnetem Puppentheater Halle entdeckt. Seitdem hat sie in diversen Produktion im In- und Ausland unterschiedlicher Sparten und Genres eine au\u00dferordentliche Bildsprache entwickelt. Sie erweitert in jeder Produktion auf neue und \u00fcberraschende Weise die M\u00f6glichkeiten ihres bildnerischen Metiers in der Fusion mit dem Spiel und der B\u00fchne.&#8220;<\/p>\n<\/div>\n\n\n\n<div class=\"wp-block-column is-layout-flow wp-block-column-is-layout-flow\"><\/div>\n<\/div>\n\n\n\n<div style=\"height:100px\" aria-hidden=\"true\" class=\"wp-block-spacer\"><\/div>\n\n\n\n<div class=\"wp-block-columns is-layout-flex wp-container-core-columns-layout-3 wp-block-columns-is-layout-flex\">\n<div class=\"wp-block-column is-layout-flow wp-block-column-is-layout-flow\">\n<h1 class=\"wp-block-heading\">mittel<\/h1>\n\n\n\n<p>Wacom<\/p>\n\n\n\n<p>Adobe Creative Suite<\/p>\n\n\n\n<p>Nikon D800 \/ Sony PXW-X70<\/p>\n<\/div>\n\n\n\n<div class=\"wp-block-column is-layout-flow wp-block-column-is-layout-flow\"><\/div>\n<\/div>\n\n\n\n<div style=\"height:100px\" aria-hidden=\"true\" class=\"wp-block-spacer\"><\/div>\n\n\n\n<div class=\"wp-block-columns is-layout-flex wp-container-core-columns-layout-4 wp-block-columns-is-layout-flex\">\n<div class=\"wp-block-column is-layout-flow wp-block-column-is-layout-flow\">\n<h1 class=\"wp-block-heading\">meinung<\/h1>\n\n\n\n<blockquote class=\"wp-block-quote\"><p>&#8222;\u2026 wird das knapp einst\u00fcndige St\u00fcck zu einem Erlebnis der ganz besonderen\u2026 jawohl\u2026 traumhaften Art.&#8220;<\/p><cite>Leselicht Halle<\/cite><\/blockquote>\n\n\n\n<blockquote class=\"wp-block-quote\"><p>&#8222;\u2026 dezent, aber wirkungsvoll.&#8220;<\/p><cite>Augsburger Allgemeine<\/cite><\/blockquote>\n\n\n\n<blockquote class=\"wp-block-quote\"><p>&#8222;So manch ein Zuschauer blickte staunend \u2026&#8220;<\/p><cite>Saalereporter<\/cite><\/blockquote>\n\n\n\n<blockquote class=\"wp-block-quote\"><p>&#8222;Dabei ist einer der H\u00f6hepunkte ganz sicher der am Klavier durchgespielte Zeichentrickfilm \u2026&#8220;<\/p><cite>albannikolaiherbst.twoday.net<\/cite><\/blockquote>\n\n\n\n<blockquote class=\"wp-block-quote\"><p>&#8222;\u2026 fantastischen Filmsequenzen von Conny Klar geben dem Universum einen zauberhaft-d\u00fcsteren Anstrich.&#8220;<\/p><cite>Mitteldeutsche Zeitung<\/cite><\/blockquote>\n\n\n\n<blockquote class=\"wp-block-quote\"><p>&#8222;Ein Ereignis der Inszenierung sind die Comiczeichnungen von Conny Klar \u2026&#8220;<\/p><cite>Die Deutsche B\u00fchne<\/cite><\/blockquote>\n\n\n\n<blockquote class=\"wp-block-quote\"><p>&#8222;Eine Revolution der Fantasie!&#8220;<\/p><cite>Mitteldeutsche Zeitung<\/cite><\/blockquote>\n\n\n\n<blockquote class=\"wp-block-quote\"><p>&#8222;Das T\u00fcpfelchen auf dem \u201ci\u201d waren die Videoinstallationen von Conny Klar \u2026&#8220;<\/p><cite>Saalereporter<\/cite><\/blockquote>\n\n\n\n<blockquote class=\"wp-block-quote\"><p>&#8222;Das erzeugt genau den Zauber, der s\u00fcdamerikanischen Autoren oft eigen ist \u2026&#8220;<\/p><cite>Kreisbote<\/cite><\/blockquote>\n\n\n\n<blockquote class=\"wp-block-quote\"><p>&#8222;Punktsieg f\u00fcr die Projektion.&#8220;<\/p><cite>Fidena<\/cite><\/blockquote>\n\n\n\n<blockquote class=\"wp-block-quote\"><p>&#8222;\u2026 gro\u00dfe \u00e4sthetische Entdeckung.&#8220;<\/p><cite>Hallespektrum<\/cite><\/blockquote>\n\n\n\n<blockquote class=\"wp-block-quote\"><p>&#8222;\u2026 zu einem einzigartigen \u00e4sthetischen Erlebnis.&#8220;<\/p><cite>dervinschger.it<\/cite><\/blockquote>\n<\/div>\n\n\n\n<div class=\"wp-block-column is-layout-flow wp-block-column-is-layout-flow\"><\/div>\n<\/div>\n\n\n\n<p><\/p>\n","protected":false},"excerpt":{"rendered":"<p>kurz seit 2000 Videografin 2011 Diplom MM\/VR-Design HfKuD Burg Giebichenstein Halle lang<\/p>\n","protected":false},"author":1,"featured_media":0,"parent":0,"menu_order":0,"comment_status":"closed","ping_status":"closed","template":"","meta":{"footnotes":""},"_links":{"self":[{"href":"https:\/\/www.connyklar.de\/index.php\/wp-json\/wp\/v2\/pages\/2"}],"collection":[{"href":"https:\/\/www.connyklar.de\/index.php\/wp-json\/wp\/v2\/pages"}],"about":[{"href":"https:\/\/www.connyklar.de\/index.php\/wp-json\/wp\/v2\/types\/page"}],"author":[{"embeddable":true,"href":"https:\/\/www.connyklar.de\/index.php\/wp-json\/wp\/v2\/users\/1"}],"replies":[{"embeddable":true,"href":"https:\/\/www.connyklar.de\/index.php\/wp-json\/wp\/v2\/comments?post=2"}],"version-history":[{"count":29,"href":"https:\/\/www.connyklar.de\/index.php\/wp-json\/wp\/v2\/pages\/2\/revisions"}],"predecessor-version":[{"id":951,"href":"https:\/\/www.connyklar.de\/index.php\/wp-json\/wp\/v2\/pages\/2\/revisions\/951"}],"wp:attachment":[{"href":"https:\/\/www.connyklar.de\/index.php\/wp-json\/wp\/v2\/media?parent=2"}],"curies":[{"name":"wp","href":"https:\/\/api.w.org\/{rel}","templated":true}]}}